{"id":681,"date":"2021-12-20T14:25:29","date_gmt":"2021-12-20T12:25:29","guid":{"rendered":"https:\/\/squadhour.lv\/?page_id=681"},"modified":"2021-12-20T14:25:31","modified_gmt":"2021-12-20T12:25:31","slug":"thank-you-gift","status":"publish","type":"page","link":"https:\/\/squadhour.lv\/en\/thank-you-gift\/","title":{"rendered":"Paldies!"},"content":{"rendered":"\n<p>Tava d\u0101vanu karte ir nos\u016bt\u012bta uz epastu.<\/p>\n\n\n\n<p>D\u0101vanu karti iesp\u0113jams aktiviz\u0113t uz vietas &#8211; Gustava Zemgala gatv\u0113 74, 14. st\u0101v\u0101.<\/p>\n","protected":false},"excerpt":{"rendered":"<p>Tava d\u0101vanu karte ir nos\u016bt\u012bta uz epastu. D\u0101vanu karti iesp\u0113jams aktiviz\u0113t uz vietas &#8211; Gustava Zemgala gatv\u0113 74, 14. st\u0101v\u0101.<\/p>\n","protected":false},"author":1,"featured_media":0,"parent":0,"menu_order":0,"comment_status":"closed","ping_status":"closed","template":"templates\/thankyou.php","meta":{"_acf_changed":false,"footnotes":""},"class_list":["post-681","page","type-page","status-publish","hentry"],"acf":[],"yoast_head":"<!-- This site is optimized with the Yoast SEO plugin v26.6 - https:\/\/yoast.com\/wordpress\/plugins\/seo\/ -->\n<title>Paldies! - SQUAD Hour<\/title>\n<meta name=\"robots\" content=\"index, follow, max-snippet:-1, max-image-preview:large, max-video-preview:-1\" \/>\n<link rel=\"canonical\" href=\"https:\/\/squadhour.lv\/en\/thank-you-gift\/\" \/>\n<meta property=\"og:locale\" content=\"en_US\" \/>\n<meta property=\"og:type\" content=\"article\" \/>\n<meta property=\"og:title\" content=\"Paldies! - SQUAD Hour\" \/>\n<meta property=\"og:description\" content=\"Tava d\u0101vanu karte ir nos\u016bt\u012bta uz epastu. D\u0101vanu karti iesp\u0113jams aktiviz\u0113t uz vietas &#8211; Gustava Zemgala gatv\u0113 74, 14. st\u0101v\u0101.\" \/>\n<meta property=\"og:url\" content=\"https:\/\/squadhour.lv\/en\/thank-you-gift\/\" \/>\n<meta property=\"og:site_name\" content=\"SQUAD Hour\" \/>\n<meta property=\"article:modified_time\" content=\"2021-12-20T12:25:31+00:00\" \/>\n<meta name=\"twitter:card\" content=\"summary_large_image\" \/>\n<meta name=\"twitter:label1\" content=\"Est. reading time\" \/>\n\t<meta name=\"twitter:data1\" content=\"1 minute\" \/>\n<script type=\"application\/ld+json\" class=\"yoast-schema-graph\">{\"@context\":\"https:\/\/schema.org\",\"@graph\":[{\"@type\":\"WebPage\",\"@id\":\"https:\/\/squadhour.lv\/en\/thank-you-gift\/\",\"url\":\"https:\/\/squadhour.lv\/en\/thank-you-gift\/\",\"name\":\"Paldies! - SQUAD Hour\",\"isPartOf\":{\"@id\":\"https:\/\/squadhour.lv\/#website\"},\"datePublished\":\"2021-12-20T12:25:29+00:00\",\"dateModified\":\"2021-12-20T12:25:31+00:00\",\"breadcrumb\":{\"@id\":\"https:\/\/squadhour.lv\/en\/thank-you-gift\/#breadcrumb\"},\"inLanguage\":\"en-US\",\"potentialAction\":[{\"@type\":\"ReadAction\",\"target\":[\"https:\/\/squadhour.lv\/en\/thank-you-gift\/\"]}]},{\"@type\":\"BreadcrumbList\",\"@id\":\"https:\/\/squadhour.lv\/en\/thank-you-gift\/#breadcrumb\",\"itemListElement\":[{\"@type\":\"ListItem\",\"position\":1,\"name\":\"Home\",\"item\":\"https:\/\/squadhour.lv\/en\/\"},{\"@type\":\"ListItem\",\"position\":2,\"name\":\"Paldies!\"}]},{\"@type\":\"WebSite\",\"@id\":\"https:\/\/squadhour.lv\/#website\",\"url\":\"https:\/\/squadhour.lv\/\",\"name\":\"SQUAD Hour\",\"description\":\"SQUAD Hour\",\"potentialAction\":[{\"@type\":\"SearchAction\",\"target\":{\"@type\":\"EntryPoint\",\"urlTemplate\":\"https:\/\/squadhour.lv\/?s={search_term_string}\"},\"query-input\":{\"@type\":\"PropertyValueSpecification\",\"valueRequired\":true,\"valueName\":\"search_term_string\"}}],\"inLanguage\":\"en-US\"}]}<\/script>\n<!-- \/ Yoast SEO plugin. -->","yoast_head_json":{"title":"Paldies! - SQUAD Hour","robots":{"index":"index","follow":"follow","max-snippet":"max-snippet:-1","max-image-preview":"max-image-preview:large","max-video-preview":"max-video-preview:-1"},"canonical":"https:\/\/squadhour.lv\/en\/thank-you-gift\/","og_locale":"en_US","og_type":"article","og_title":"Paldies! - SQUAD Hour","og_description":"Tava d\u0101vanu karte ir nos\u016bt\u012bta uz epastu. D\u0101vanu karti iesp\u0113jams aktiviz\u0113t uz vietas &#8211; Gustava Zemgala gatv\u0113 74, 14. st\u0101v\u0101.","og_url":"https:\/\/squadhour.lv\/en\/thank-you-gift\/","og_site_name":"SQUAD Hour","article_modified_time":"2021-12-20T12:25:31+00:00","twitter_card":"summary_large_image","twitter_misc":{"Est. reading time":"1 minute"},"schema":{"@context":"https:\/\/schema.org","@graph":[{"@type":"WebPage","@id":"https:\/\/squadhour.lv\/en\/thank-you-gift\/","url":"https:\/\/squadhour.lv\/en\/thank-you-gift\/","name":"Paldies! - SQUAD Hour","isPartOf":{"@id":"https:\/\/squadhour.lv\/#website"},"datePublished":"2021-12-20T12:25:29+00:00","dateModified":"2021-12-20T12:25:31+00:00","breadcrumb":{"@id":"https:\/\/squadhour.lv\/en\/thank-you-gift\/#breadcrumb"},"inLanguage":"en-US","potentialAction":[{"@type":"ReadAction","target":["https:\/\/squadhour.lv\/en\/thank-you-gift\/"]}]},{"@type":"BreadcrumbList","@id":"https:\/\/squadhour.lv\/en\/thank-you-gift\/#breadcrumb","itemListElement":[{"@type":"ListItem","position":1,"name":"Home","item":"https:\/\/squadhour.lv\/en\/"},{"@type":"ListItem","position":2,"name":"Paldies!"}]},{"@type":"WebSite","@id":"https:\/\/squadhour.lv\/#website","url":"https:\/\/squadhour.lv\/","name":"SQUAD Hour","description":"SQUAD Hour","potentialAction":[{"@type":"SearchAction","target":{"@type":"EntryPoint","urlTemplate":"https:\/\/squadhour.lv\/?s={search_term_string}"},"query-input":{"@type":"PropertyValueSpecification","valueRequired":true,"valueName":"search_term_string"}}],"inLanguage":"en-US"}]}},"_links":{"self":[{"href":"https:\/\/squadhour.lv\/en\/wp-json\/wp\/v2\/pages\/681","targetHints":{"allow":["GET"]}}],"collection":[{"href":"https:\/\/squadhour.lv\/en\/wp-json\/wp\/v2\/pages"}],"about":[{"href":"https:\/\/squadhour.lv\/en\/wp-json\/wp\/v2\/types\/page"}],"author":[{"embeddable":true,"href":"https:\/\/squadhour.lv\/en\/wp-json\/wp\/v2\/users\/1"}],"replies":[{"embeddable":true,"href":"https:\/\/squadhour.lv\/en\/wp-json\/wp\/v2\/comments?post=681"}],"version-history":[{"count":1,"href":"https:\/\/squadhour.lv\/en\/wp-json\/wp\/v2\/pages\/681\/revisions"}],"predecessor-version":[{"id":683,"href":"https:\/\/squadhour.lv\/en\/wp-json\/wp\/v2\/pages\/681\/revisions\/683"}],"wp:attachment":[{"href":"https:\/\/squadhour.lv\/en\/wp-json\/wp\/v2\/media?parent=681"}],"curies":[{"name":"wp","href":"https:\/\/api.w.org\/{rel}","templated":true}]}}